{"id":6287,"date":"2019-12-20T11:04:18","date_gmt":"2019-12-20T11:04:18","guid":{"rendered":"http:\/\/sabbitmentawaisurfcamp.com\/?page_id=6287"},"modified":"2020-01-15T12:50:35","modified_gmt":"2020-01-15T12:50:35","slug":"terminos-y-condiciones","status":"publish","type":"page","link":"https:\/\/sabbitmentawaisurfcamp.com\/es\/terminos-y-condiciones\/","title":{"rendered":"T\u00e9rminos y condiciones"},"content":{"rendered":"[vc_row type=&#8221;in_container&#8221; full_screen_row_position=&#8221;middle&#8221; column_margin=&#8221;default&#8221; scene_position=&#8221;center&#8221; text_color=&#8221;dark&#8221; text_align=&#8221;left&#8221; overlay_strength=&#8221;0.3&#8243; shape_divider_position=&#8221;bottom&#8221; bg_image_animation=&#8221;none&#8221;][vc_column column_padding=&#8221;no-extra-padding&#8221; column_padding_position=&#8221;all&#8221; background_color_opacity=&#8221;1&#8243; background_hover_color_opacity=&#8221;1&#8243; column_link_target=&#8221;_self&#8221; column_shadow=&#8221;none&#8221; column_border_radius=&#8221;none&#8221; width=&#8221;1\/1&#8243; tablet_width_inherit=&#8221;default&#8221; tablet_text_alignment=&#8221;default&#8221; phone_text_alignment=&#8221;default&#8221; overlay_strength=&#8221;0.3&#8243; column_border_width=&#8221;none&#8221; column_border_style=&#8221;solid&#8221; bg_image_animation=&#8221;none&#8221;][vc_row_inner equal_height=&#8221;yes&#8221; column_margin=&#8221;default&#8221; text_align=&#8221;left&#8221;][vc_column_inner column_padding=&#8221;no-extra-padding&#8221; column_padding_position=&#8221;all&#8221; background_color_opacity=&#8221;1&#8243; background_hover_color_opacity=&#8221;1&#8243; column_shadow=&#8221;none&#8221; column_border_radius=&#8221;none&#8221; column_link_target=&#8221;_self&#8221; width=&#8221;1\/2&#8243; tablet_width_inherit=&#8221;default&#8221; overlay_strength=&#8221;0.3&#8243; column_border_width=&#8221;none&#8221; column_border_style=&#8221;solid&#8221; bg_image_animation=&#8221;none&#8221;][vc_column_text]<strong>T\u00c9RMINOS DE RESERVA<\/strong><\/p>\n<p>Sabbit Mentawai no se hace responsable por lesiones, muerte, da\u00f1os, p\u00e9rdidas financieras, costos, gastos, demoras de viaje o inconvenientes derivados de cualquier desgracia de viaje que est\u00e9 fuera de nuestro control, como el clima, desastres naturales, enfermedades, guerras, actos de terrorismo, llegadas o salidas tard\u00edas debido a fallas mec\u00e1nicas en cualquier autom\u00f3vil, lancha r\u00e1pida, avi\u00f3n o transporte en ferry hacia o desde Sabbit Mentawai. Sabbit Mentawai se reserva el derecho de cambiar el medio de transporte y la ruta en cualquier momento y por cualquier motivo sin previo aviso.<\/p>\n<p><strong>DEP\u00d3SITOS<\/strong><\/p>\n<p>Un dep\u00f3sito del 50% se debe al momento de la reserva.<br \/>\nLos dep\u00f3sitos no son reembolsables.<\/p>\n<p><strong>PAGO<\/strong>:<\/p>\n<p>El pago final se debe al menos 30 d\u00edas antes de la llegada y no es reembolsable.<br \/>\nEl pago puede pagarse con transferencia bancaria. Gastos adicionales por transferencia deben ser asumidos en su totalidad por el cliente.<br \/>\nPagos con tarjeta de cr\u00e9dito en Padang se cobrar\u00e1 una tarifa adicional del 4%.<br \/>\nCualquier forma de pago constituye la aceptaci\u00f3n de los T\u00e9rminos y condiciones establecidos en este sitio.<\/p>\n<p><strong>POL\u00cdTICA DE CANCELACI\u00d3N:<\/strong><\/p>\n<p>La cancelaci\u00f3n de un viaje debe hacerse dentro de los 90 d\u00edas de su fecha de salida, y todos los dep\u00f3sitos no son reembolsables. No hay reembolsos o reembolsos parciales dados por salidas anticipadas de Sabbit Mentawai debido a mal oleaje, mal tiempo o lesiones. Adem\u00e1s, no hay reembolsos pagados por razones relacionadas con situaciones pol\u00edticas inestables a nivel mundial, nacional, natural o local, incluyendo clima, desastres naturales, enfermedades, guerras, actos de terrorismo o vuelos perdidos de aerol\u00edneas.<\/p>\n<p><strong>SEGURO DE VIAJE OBLIGATORIO:<\/strong><\/p>\n<p>El seguro de viaje es obligatorio para todos los hu\u00e9spedes de Sabbit Mentawai.<\/p>\n<p><strong>DOCUMENTACI\u00d3N<\/strong>:<\/p>\n<p>Al ingresar a Indonesia, todos los pasaportes deben ser v\u00e1lidos por al menos 6 meses a partir de la fecha de salida.<br \/>\nPara ciertas nacionalidades, se requiere una visa v\u00e1lida para viajar. Consulte con su Embajada con suficiente anticipaci\u00f3n para averiguar qu\u00e9 reglas se aplican a usted.<\/p>\n<p>Dos fotocopias del pasaporte.<\/p>\n<p><strong>INFORMACI\u00d3N DE VIAJE:<\/strong><\/p>\n<p>Sabbit Mentawai no es responsable de las tarifas de la junta a\u00e9rea o las pol\u00edticas de equipaje.<br \/>\nSabbit Mentawai no acepta ninguna responsabilidad financiera por la llegada tard\u00eda o no llegada de tablas de surf \/ bolsas de tablas de surf o cualquier otro equipaje.<\/p>\n<p><strong>PREGUNTAS<\/strong><\/p>\n<p>Sabbit Mentawai<br \/>\nCorreo electr\u00f3nico: info@sabbitmentawai.com<br \/>\nN\u00famero de contacto de la oficina central:<br \/>\nWhatsapp: +34 670 553 800\u202c[\/vc_column_text][\/vc_column_inner][vc_column_inner background_image=&#8221;6320&#8243; enable_bg_scale=&#8221;true&#8221; column_padding=&#8221;no-extra-padding&#8221; column_padding_position=&#8221;all&#8221; centered_text=&#8221;true&#8221; background_color_opacity=&#8221;1&#8243; background_hover_color_opacity=&#8221;1&#8243; column_shadow=&#8221;small_depth&#8221; column_border_radius=&#8221;none&#8221; column_link_target=&#8221;_self&#8221; width=&#8221;1\/2&#8243; tablet_width_inherit=&#8221;default&#8221; overlay_strength=&#8221;0.3&#8243; column_border_width=&#8221;none&#8221; column_border_style=&#8221;solid&#8221; bg_image_animation=&#8221;none&#8221;][\/vc_column_inner][\/vc_row_inner][\/vc_column][\/vc_row]\n","protected":false},"excerpt":{"rendered":"<p>[vc_row type=&#8221;in_container&#8221; full_screen_row_position=&#8221;middle&#8221; column_margin=&#8221;default&#8221; scene_position=&#8221;center&#8221; text_color=&#8221;dark&#8221; text_align=&#8221;left&#8221; overlay_strength=&#8221;0.3&#8243; shape_divider_position=&#8221;bottom&#8221; bg_image_animation=&#8221;none&#8221;][vc_column column_padding=&#8221;no-extra-padding&#8221; column_padding_position=&#8221;all&#8221; background_color_opacity=&#8221;1&#8243; background_hover_color_opacity=&#8221;1&#8243; column_link_target=&#8221;_self&#8221;&#8230;<\/p>\n","protected":false},"author":1,"featured_media":0,"parent":0,"menu_order":0,"comment_status":"closed","ping_status":"closed","template":"","meta":{"footnotes":""},"class_list":["post-6287","page","type-page","status-publish"],"yoast_head":"<!-- This site is optimized with the Yoast SEO plugin v27.3 - https:\/\/yoast.com\/product\/yoast-seo-wordpress\/ -->\n<title>T\u00e9rminos y condiciones - Sabbit Mentawai Surf Camp<\/title>\n<meta name=\"robots\" content=\"index, follow, max-snippet:-1, max-image-preview:large, max-video-preview:-1\" \/>\n<link rel=\"canonical\" href=\"https:\/\/sabbitmentawaisurfcamp.com\/terminos-y-condiciones\/\" \/>\n<meta property=\"og:locale\" content=\"es_ES\" \/>\n<meta property=\"og:type\" content=\"article\" \/>\n<meta property=\"og:title\" content=\"T\u00e9rminos y condiciones - Sabbit Mentawai Surf Camp\" \/>\n<meta property=\"og:description\" content=\"[vc_row type=&#8221;in_container&#8221; full_screen_row_position=&#8221;middle&#8221; column_margin=&#8221;default&#8221; scene_position=&#8221;center&#8221; text_color=&#8221;dark&#8221; text_align=&#8221;left&#8221; overlay_strength=&#8221;0.3&#8243; shape_divider_position=&#8221;bottom&#8221; bg_image_animation=&#8221;none&#8221;][vc_column column_padding=&#8221;no-extra-padding&#8221; column_padding_position=&#8221;all&#8221; background_color_opacity=&#8221;1&#8243; background_hover_color_opacity=&#8221;1&#8243; column_link_target=&#8221;_self&#8221;...\" \/>\n<meta property=\"og:url\" content=\"https:\/\/sabbitmentawaisurfcamp.com\/terminos-y-condiciones\/\" \/>\n<meta property=\"og:site_name\" content=\"Sabbit Mentawai Surf Camp\" \/>\n<meta property=\"article:publisher\" content=\"https:\/\/www.facebook.com\/p\/Sabbit-Mentawai-Surfcamp-100038148441839\/\" \/>\n<meta property=\"article:modified_time\" content=\"2020-01-15T12:50:35+00:00\" \/>\n<meta name=\"twitter:card\" content=\"summary_large_image\" \/>\n<meta name=\"twitter:label1\" content=\"Tiempo de lectura\" \/>\n\t<meta name=\"twitter:data1\" content=\"3 minutos\" \/>\n<script type=\"application\/ld+json\" class=\"yoast-schema-graph\">{\"@context\":\"https:\\\/\\\/schema.org\",\"@graph\":[{\"@type\":\"WebPage\",\"@id\":\"https:\\\/\\\/sabbitmentawaisurfcamp.com\\\/terminos-y-condiciones\\\/\",\"url\":\"https:\\\/\\\/sabbitmentawaisurfcamp.com\\\/terminos-y-condiciones\\\/\",\"name\":\"T\u00e9rminos y condiciones - Sabbit Mentawai Surf Camp\",\"isPartOf\":{\"@id\":\"https:\\\/\\\/sabbitmentawaisurfcamp.com\\\/es\\\/#website\"},\"datePublished\":\"2019-12-20T11:04:18+00:00\",\"dateModified\":\"2020-01-15T12:50:35+00:00\",\"breadcrumb\":{\"@id\":\"https:\\\/\\\/sabbitmentawaisurfcamp.com\\\/terminos-y-condiciones\\\/#breadcrumb\"},\"inLanguage\":\"es\",\"potentialAction\":[{\"@type\":\"ReadAction\",\"target\":[\"https:\\\/\\\/sabbitmentawaisurfcamp.com\\\/terminos-y-condiciones\\\/\"]}]},{\"@type\":\"BreadcrumbList\",\"@id\":\"https:\\\/\\\/sabbitmentawaisurfcamp.com\\\/terminos-y-condiciones\\\/#breadcrumb\",\"itemListElement\":[{\"@type\":\"ListItem\",\"position\":1,\"name\":\"Home\",\"item\":\"https:\\\/\\\/sabbitmentawaisurfcamp.com\\\/es\\\/inicio\\\/\"},{\"@type\":\"ListItem\",\"position\":2,\"name\":\"T\u00e9rminos y condiciones\"}]},{\"@type\":\"WebSite\",\"@id\":\"https:\\\/\\\/sabbitmentawaisurfcamp.com\\\/es\\\/#website\",\"url\":\"https:\\\/\\\/sabbitmentawaisurfcamp.com\\\/es\\\/\",\"name\":\"Sabbit Mentawai Surf Camp\",\"description\":\"Sabbit Mentawai es un campamento de surf local en la isla Nyan-Nyan, ubicado a dos minutos de e-Bay y Pitstops. Rodeado de una selva tropical verde\",\"publisher\":{\"@id\":\"https:\\\/\\\/sabbitmentawaisurfcamp.com\\\/es\\\/#organization\"},\"potentialAction\":[{\"@type\":\"SearchAction\",\"target\":{\"@type\":\"EntryPoint\",\"urlTemplate\":\"https:\\\/\\\/sabbitmentawaisurfcamp.com\\\/es\\\/?s={search_term_string}\"},\"query-input\":{\"@type\":\"PropertyValueSpecification\",\"valueRequired\":true,\"valueName\":\"search_term_string\"}}],\"inLanguage\":\"es\"},{\"@type\":\"Organization\",\"@id\":\"https:\\\/\\\/sabbitmentawaisurfcamp.com\\\/es\\\/#organization\",\"name\":\"Sabbit Mentawai Surf Camp\",\"url\":\"https:\\\/\\\/sabbitmentawaisurfcamp.com\\\/es\\\/\",\"logo\":{\"@type\":\"ImageObject\",\"inLanguage\":\"es\",\"@id\":\"https:\\\/\\\/sabbitmentawaisurfcamp.com\\\/es\\\/#\\\/schema\\\/logo\\\/image\\\/\",\"url\":\"https:\\\/\\\/sabbitmentawaisurfcamp.com\\\/wp-content\\\/uploads\\\/2019\\\/12\\\/logo-sabbit-web-e1577180361688.png\",\"contentUrl\":\"https:\\\/\\\/sabbitmentawaisurfcamp.com\\\/wp-content\\\/uploads\\\/2019\\\/12\\\/logo-sabbit-web-e1577180361688.png\",\"width\":118,\"height\":64,\"caption\":\"Sabbit Mentawai Surf Camp\"},\"image\":{\"@id\":\"https:\\\/\\\/sabbitmentawaisurfcamp.com\\\/es\\\/#\\\/schema\\\/logo\\\/image\\\/\"},\"sameAs\":[\"https:\\\/\\\/www.facebook.com\\\/p\\\/Sabbit-Mentawai-Surfcamp-100038148441839\\\/\",\"https:\\\/\\\/www.instagram.com\\\/sabbitmentawai\\\/?hl=es\"]}]}<\/script>\n<!-- \/ Yoast SEO plugin. -->","yoast_head_json":{"title":"T\u00e9rminos y condiciones - Sabbit Mentawai Surf Camp","robots":{"index":"index","follow":"follow","max-snippet":"max-snippet:-1","max-image-preview":"max-image-preview:large","max-video-preview":"max-video-preview:-1"},"canonical":"https:\/\/sabbitmentawaisurfcamp.com\/terminos-y-condiciones\/","og_locale":"es_ES","og_type":"article","og_title":"T\u00e9rminos y condiciones - Sabbit Mentawai Surf Camp","og_description":"[vc_row type=&#8221;in_container&#8221; full_screen_row_position=&#8221;middle&#8221; column_margin=&#8221;default&#8221; scene_position=&#8221;center&#8221; text_color=&#8221;dark&#8221; text_align=&#8221;left&#8221; overlay_strength=&#8221;0.3&#8243; shape_divider_position=&#8221;bottom&#8221; bg_image_animation=&#8221;none&#8221;][vc_column column_padding=&#8221;no-extra-padding&#8221; column_padding_position=&#8221;all&#8221; background_color_opacity=&#8221;1&#8243; background_hover_color_opacity=&#8221;1&#8243; column_link_target=&#8221;_self&#8221;...","og_url":"https:\/\/sabbitmentawaisurfcamp.com\/terminos-y-condiciones\/","og_site_name":"Sabbit Mentawai Surf Camp","article_publisher":"https:\/\/www.facebook.com\/p\/Sabbit-Mentawai-Surfcamp-100038148441839\/","article_modified_time":"2020-01-15T12:50:35+00:00","twitter_card":"summary_large_image","twitter_misc":{"Tiempo de lectura":"3 minutos"},"schema":{"@context":"https:\/\/schema.org","@graph":[{"@type":"WebPage","@id":"https:\/\/sabbitmentawaisurfcamp.com\/terminos-y-condiciones\/","url":"https:\/\/sabbitmentawaisurfcamp.com\/terminos-y-condiciones\/","name":"T\u00e9rminos y condiciones - Sabbit Mentawai Surf Camp","isPartOf":{"@id":"https:\/\/sabbitmentawaisurfcamp.com\/es\/#website"},"datePublished":"2019-12-20T11:04:18+00:00","dateModified":"2020-01-15T12:50:35+00:00","breadcrumb":{"@id":"https:\/\/sabbitmentawaisurfcamp.com\/terminos-y-condiciones\/#breadcrumb"},"inLanguage":"es","potentialAction":[{"@type":"ReadAction","target":["https:\/\/sabbitmentawaisurfcamp.com\/terminos-y-condiciones\/"]}]},{"@type":"BreadcrumbList","@id":"https:\/\/sabbitmentawaisurfcamp.com\/terminos-y-condiciones\/#breadcrumb","itemListElement":[{"@type":"ListItem","position":1,"name":"Home","item":"https:\/\/sabbitmentawaisurfcamp.com\/es\/inicio\/"},{"@type":"ListItem","position":2,"name":"T\u00e9rminos y condiciones"}]},{"@type":"WebSite","@id":"https:\/\/sabbitmentawaisurfcamp.com\/es\/#website","url":"https:\/\/sabbitmentawaisurfcamp.com\/es\/","name":"Sabbit Mentawai Surf Camp","description":"Sabbit Mentawai es un campamento de surf local en la isla Nyan-Nyan, ubicado a dos minutos de e-Bay y Pitstops. Rodeado de una selva tropical verde","publisher":{"@id":"https:\/\/sabbitmentawaisurfcamp.com\/es\/#organization"},"potentialAction":[{"@type":"SearchAction","target":{"@type":"EntryPoint","urlTemplate":"https:\/\/sabbitmentawaisurfcamp.com\/es\/?s={search_term_string}"},"query-input":{"@type":"PropertyValueSpecification","valueRequired":true,"valueName":"search_term_string"}}],"inLanguage":"es"},{"@type":"Organization","@id":"https:\/\/sabbitmentawaisurfcamp.com\/es\/#organization","name":"Sabbit Mentawai Surf Camp","url":"https:\/\/sabbitmentawaisurfcamp.com\/es\/","logo":{"@type":"ImageObject","inLanguage":"es","@id":"https:\/\/sabbitmentawaisurfcamp.com\/es\/#\/schema\/logo\/image\/","url":"https:\/\/sabbitmentawaisurfcamp.com\/wp-content\/uploads\/2019\/12\/logo-sabbit-web-e1577180361688.png","contentUrl":"https:\/\/sabbitmentawaisurfcamp.com\/wp-content\/uploads\/2019\/12\/logo-sabbit-web-e1577180361688.png","width":118,"height":64,"caption":"Sabbit Mentawai Surf Camp"},"image":{"@id":"https:\/\/sabbitmentawaisurfcamp.com\/es\/#\/schema\/logo\/image\/"},"sameAs":["https:\/\/www.facebook.com\/p\/Sabbit-Mentawai-Surfcamp-100038148441839\/","https:\/\/www.instagram.com\/sabbitmentawai\/?hl=es"]}]}},"rttpg_featured_image_url":null,"rttpg_author":{"display_name":"admin","author_link":"https:\/\/sabbitmentawaisurfcamp.com\/es\/author\/admin\/"},"rttpg_comment":0,"rttpg_category":false,"rttpg_excerpt":"[vc_row type=&#8221;in_container&#8221; full_screen_row_position=&#8221;middle&#8221; column_margin=&#8221;default&#8221; scene_position=&#8221;center&#8221; text_color=&#8221;dark&#8221; text_align=&#8221;left&#8221; overlay_strength=&#8221;0.3&#8243; shape_divider_position=&#8221;bottom&#8221; bg_image_animation=&#8221;none&#8221;][vc_column column_padding=&#8221;no-extra-padding&#8221; column_padding_position=&#8221;all&#8221; background_color_opacity=&#8221;1&#8243; background_hover_color_opacity=&#8221;1&#8243; column_link_target=&#8221;_self&#8221;...","_links":{"self":[{"href":"https:\/\/sabbitmentawaisurfcamp.com\/es\/wp-json\/wp\/v2\/pages\/6287","targetHints":{"allow":["GET"]}}],"collection":[{"href":"https:\/\/sabbitmentawaisurfcamp.com\/es\/wp-json\/wp\/v2\/pages"}],"about":[{"href":"https:\/\/sabbitmentawaisurfcamp.com\/es\/wp-json\/wp\/v2\/types\/page"}],"author":[{"embeddable":true,"href":"https:\/\/sabbitmentawaisurfcamp.com\/es\/wp-json\/wp\/v2\/users\/1"}],"replies":[{"embeddable":true,"href":"https:\/\/sabbitmentawaisurfcamp.com\/es\/wp-json\/wp\/v2\/comments?post=6287"}],"version-history":[{"count":13,"href":"https:\/\/sabbitmentawaisurfcamp.com\/es\/wp-json\/wp\/v2\/pages\/6287\/revisions"}],"predecessor-version":[{"id":7573,"href":"https:\/\/sabbitmentawaisurfcamp.com\/es\/wp-json\/wp\/v2\/pages\/6287\/revisions\/7573"}],"wp:attachment":[{"href":"https:\/\/sabbitmentawaisurfcamp.com\/es\/wp-json\/wp\/v2\/media?parent=6287"}],"curies":[{"name":"wp","href":"https:\/\/api.w.org\/{rel}","templated":true}]}}